{"id":19585,"date":"2024-04-12T09:13:09","date_gmt":"2024-04-12T07:13:09","guid":{"rendered":"https:\/\/e-opex.pl\/?page_id=19585"},"modified":"2025-08-19T12:25:23","modified_gmt":"2025-08-19T10:25:23","slug":"privacy-policy","status":"publish","type":"page","link":"https:\/\/e-opex.pl\/en\/privacy-policy\/","title":{"rendered":"Privacy Policy"},"content":{"rendered":"\t\t<div data-elementor-type=\"wp-page\" data-elementor-id=\"19585\" class=\"elementor elementor-19585\">\n\t\t\t\t        <section class=\"elementor-section elementor-top-section elementor-element elementor-element-4b66fdff elementor-section-stretched elementor-section-full_width elementor-section-height-default elementor-section-height-default pxl-row-scroll-none pxl-zoom-point-false pxl-section-overflow-visible pxl-full-content-with-space-none\" data-id=\"4b66fdff\" data-element_type=\"section\" data-settings=\"{&quot;stretch_section&quot;:&quot;section-stretched&quot;,&quot;background_background&quot;:&quot;classic&quot;}\">\n\n                            <div class=\"elementor-background-overlay\"><\/div>\n            \n                <div class=\"elementor-container elementor-column-gap-extended \">\n                <div class=\"elementor-column elementor-col-100 elementor-top-column elementor-element elementor-element-5742c1e0 pxl-column-none pxl-column-overflow-hidden-no\" data-id=\"5742c1e0\" data-element_type=\"column\">\r\n        <div class=\"elementor-widget-wrap elementor-element-populated\">\r\n                     \r\n                <section class=\"elementor-section elementor-inner-section elementor-element elementor-element-2ac31caf elementor-section-boxed elementor-section-height-default elementor-section-height-default pxl-row-scroll-none pxl-zoom-point-false pxl-section-overflow-visible\" data-id=\"2ac31caf\" data-element_type=\"section\">\n\n                \n                <div class=\"elementor-container elementor-column-gap-default \">\n                <div class=\"elementor-column elementor-col-100 elementor-inner-column elementor-element elementor-element-443e6b92 pxl-column-none pxl-column-overflow-hidden-no\" data-id=\"443e6b92\" data-element_type=\"column\">\r\n        <div class=\"elementor-widget-wrap elementor-element-populated\">\r\n                     \r\n        \t\t<div class=\"elementor-element elementor-element-3354c320 elementor-widget elementor-widget-pxl_heading\" data-id=\"3354c320\" data-element_type=\"widget\" data-widget_type=\"pxl_heading.default\">\n\t\t\t\t<div class=\"elementor-widget-container\">\n\t\t\t\t\t\n<div id=\"pxl-pxl_heading-3354c320-1937\" class=\"pxl-heading px-sub-title-default-style \">\n\t<div class=\"pxl-heading--inner\">\n\t\t\n\t\t<h1 class=\"pxl-item--title style-default  highlight-default \" data-wow-delay=\"ms\">\n\t\t\t\t\t\t\tPrivacy Policy\t\n\t\t\t\t\n\t\t<\/h1>\n\t\t\n\t<\/div>\n<\/div>\t\t\t\t<\/div>\n\t\t\t\t<\/div>\n\t\t\t\t<div class=\"elementor-element elementor-element-76a1b753 elementor-widget elementor-widget-pxl_text_editor\" data-id=\"76a1b753\" data-element_type=\"widget\" data-widget_type=\"pxl_text_editor.default\">\n\t\t\t\t<div class=\"elementor-widget-container\">\n\t\t\t\t\t<div class=\"pxl-text-editor\">\n\t<div class=\"pxl-item--inner  \" data-wow-delay=\"ms\">\n\t\t<p>OpEx Group to firma, kt\u00f3ra od 2010 roku zajmuje si\u0119 dostarczaniem wiedzy i rozwi\u0105za\u0144 z zakresu ci\u0105g\u0142ego doskonalenia.\u00a0<\/p>\t\t\n\t<\/div>\n<\/div>\t\t\t\t<\/div>\n\t\t\t\t<\/div>\n\t\t\t\t<div class=\"elementor-element elementor-element-145ddf7d elementor-widget-divider--view-line elementor-widget elementor-widget-divider\" data-id=\"145ddf7d\" data-element_type=\"widget\" data-widget_type=\"divider.default\">\n\t\t\t\t<div class=\"elementor-widget-container\">\n\t\t\t\t\t\t\t<div class=\"elementor-divider\">\n\t\t\t<span class=\"elementor-divider-separator\">\n\t\t\t\t\t\t<\/span>\n\t\t<\/div>\n\t\t\t\t\t\t<\/div>\n\t\t\t\t<\/div>\n\t\t\t\t<div class=\"elementor-element elementor-element-383b9c1a elementor-widget-divider--view-line elementor-widget elementor-widget-divider\" data-id=\"383b9c1a\" data-element_type=\"widget\" data-widget_type=\"divider.default\">\n\t\t\t\t<div class=\"elementor-widget-container\">\n\t\t\t\t\t\t\t<div class=\"elementor-divider\">\n\t\t\t<span class=\"elementor-divider-separator\">\n\t\t\t\t\t\t<\/span>\n\t\t<\/div>\n\t\t\t\t\t\t<\/div>\n\t\t\t\t<\/div>\n\t\t\t\t<div class=\"elementor-element elementor-element-7a29e2c3 elementor-widget elementor-widget-pxl_breadcrumb\" data-id=\"7a29e2c3\" data-element_type=\"widget\" data-widget_type=\"pxl_breadcrumb.default\">\n\t\t\t\t<div class=\"elementor-widget-container\">\n\t\t\t\t\t<div class=\"pxl-breadcrumb-wrap\">\n\t<ul class=\"pxl-breadcrumb\"><li><span class=\"breadcrumb-entry\">Home<\/span><\/li><\/ul><\/div>\t\t\t\t<\/div>\n\t\t\t\t<\/div>\n\t\t            <\/div>\r\n        <\/div>\r\n        \t\t\t<\/div>\n\t\t<\/section>\n\t\t            <\/div>\r\n        <\/div>\r\n        \t\t\t<\/div>\n\t\t<\/section>\n\t\t<div class=\"elementor-element elementor-element-a8f3e81 e-flex e-con-boxed e-con e-parent \" data-id=\"a8f3e81\" data-element_type=\"container\">\t\t\t<div class=\"e-con-inner\">\r\n\t\t\t\t<div class=\"elementor-element elementor-element-f4ed113 elementor-widget elementor-widget-text-editor\" data-id=\"f4ed113\" data-element_type=\"widget\" data-widget_type=\"text-editor.default\">\n\t\t\t\t<div class=\"elementor-widget-container\">\n\t\t\t\t\t\t\t\t\t<p>1. General Information<br \/>This Privacy Policy describes the principles of processing and protecting the personal data of users of the website operated by:<\/p><p>OpEx Group Katarzyna Kornicka<br \/>ul. Sycowska 44, 51-319 Wroc\u0142aw<br \/>NIP: 792-179-09-40, REGON: 021288482<br \/>tel.: +48 783 191 353<br \/>e-mail: kontakt@e-opex.pl<\/p><p>The Administrator makes every effort to ensure that your data is processed in accordance with applicable law, including Regulation (EU) 2016\/679 of the European Parliament and of the Council (GDPR).<\/p><p>2. Personal Data Controller<br \/>The personal data controller is:<br \/>OpEx Group Katarzyna Kornicka<br \/>ul. Sycowska 44, 51-319 Wroc\u0142aw<br \/>contact: kontakt@e-opex.pl<\/p><p>3. What data do we collect?<\/p><p>As part of your use of the website, we may collect the following data:<\/p><p>Name and surname<br \/>Email address<br \/>Telephone number<br \/>IP address<br \/>Information contained in cookies<br \/>This data may be collected:<\/p><p>via the contact form,<br \/>as a result of contact by telephone or email,<br \/>automatically during your use of the website (e.g., using cookies).<br \/>4. Purposes of data processing<br \/>Personal data are processed for the following purposes:<\/p><p>responding to inquiries submitted via the contact form or directly by email\/phone,<br \/>providing services offered by the company,<br \/>conducting marketing activities (based on consent),<br \/>statistics and analysis of website usage (based on the controller&#8217;s legitimate interest).<br \/>5. Legal basis for data processing<br \/>Personal data are processed on the basis of:<\/p><p>Article 6(1)(a) of the GDPR \u2013 consent of the data subject,<br \/>Article 6(1)(b) of the GDPR \u2013 performance of a contract or taking steps prior to entering into one,<br \/>Article 6(1)(b) of the GDPR \u2013 processing of personal data, f GDPR \u2013 legitimate interest of the controller (e.g., statistical analysis).<br \/>6. Data Recipients<br \/>Personal data may be shared with:<\/p><p>IT service providers,<br \/>hosting companies,<br \/>entities authorized under law.<br \/>We do not transfer personal data outside the European Economic Area (EEA).<\/p><p>7. Rights of Data Subjects<br \/>You have the right to:<\/p><p>access your data,<br \/>rectify it,<br \/>delete it (&#8220;right to be forgotten&#8221;),<br \/>restrict processing,<br \/>port data,<br \/>object to processing,<br \/>withdraw consent (at any time),<br \/>file a complaint with the President of the Personal Data Protection Office (UODO).<\/p><p>8. Data Retention Period<br \/>Data will be stored for the period necessary to achieve the purpose for which it was collected, and thereafter for the period required by law or until consent is withdrawn (in the case of processing based on consent).<\/p><p>9. Cookies<br \/>The website uses cookies for statistical, analytical, and functional purposes. Users can manage cookie settings in their web browser.<\/p><p>10. Changes to the Privacy Policy<br \/>The Administrator reserves the right to make changes to this Privacy Policy. Changes will be published on the website.<\/p>\t\t\t\t\t\t\t\t<\/div>\n\t\t\t\t<\/div>\n\t\t\t\t\t<\/div>\r\n\t\t\t\t<\/div>\r\n\t\t\t\t<\/div>\n\t\t","protected":false},"excerpt":{"rendered":"<p>Privacy Policy OpEx Group to firma, kt\u00f3ra od 2010 roku zajmuje si\u0119 dostarczaniem wiedzy i rozwi\u0105za\u0144 z zakresu ci\u0105g\u0142ego doskonalenia.\u00a0 Home 1. General InformationThis Privacy Policy describes the principles of processing and protecting the personal data of users of the website operated by: OpEx Group Katarzyna Kornickaul. Sycowska 44, 51-319 Wroc\u0142awNIP: 792-179-09-40, REGON: 021288482tel.: +48 [&hellip;]<\/p>\n","protected":false},"author":1,"featured_media":0,"parent":0,"menu_order":0,"comment_status":"closed","ping_status":"open","template":"","meta":{"inline_featured_image":false,"footnotes":""},"class_list":["post-19585","page","type-page","status-publish","hentry"],"yoast_head":"<!-- This site is optimized with the Yoast SEO plugin v26.8 - https:\/\/yoast.com\/product\/yoast-seo-wordpress\/ -->\n<title>Privacy Policy - OpEx Group<\/title>\n<meta name=\"robots\" content=\"index, follow, max-snippet:-1, max-image-preview:large, max-video-preview:-1\" \/>\n<link rel=\"canonical\" href=\"https:\/\/e-opex.pl\/en\/privacy-policy\/\" \/>\n<meta property=\"og:locale\" content=\"en_US\" \/>\n<meta property=\"og:type\" content=\"article\" \/>\n<meta property=\"og:title\" content=\"Privacy Policy - OpEx Group\" \/>\n<meta property=\"og:description\" content=\"Privacy Policy OpEx Group to firma, kt\u00f3ra od 2010 roku zajmuje si\u0119 dostarczaniem wiedzy i rozwi\u0105za\u0144 z zakresu ci\u0105g\u0142ego doskonalenia.\u00a0 Home 1. General InformationThis Privacy Policy describes the principles of processing and protecting the personal data of users of the website operated by: OpEx Group Katarzyna Kornickaul. Sycowska 44, 51-319 Wroc\u0142awNIP: 792-179-09-40, REGON: 021288482tel.: +48 [&hellip;]\" \/>\n<meta property=\"og:url\" content=\"https:\/\/e-opex.pl\/en\/privacy-policy\/\" \/>\n<meta property=\"og:site_name\" content=\"OpEx Group\" \/>\n<meta property=\"article:modified_time\" content=\"2025-08-19T10:25:23+00:00\" \/>\n<meta name=\"twitter:card\" content=\"summary_large_image\" \/>\n<meta name=\"twitter:label1\" content=\"Est. reading time\" \/>\n\t<meta name=\"twitter:data1\" content=\"3 minutes\" \/>\n<script type=\"application\/ld+json\" class=\"yoast-schema-graph\">{\"@context\":\"https:\/\/schema.org\",\"@graph\":[{\"@type\":\"WebPage\",\"@id\":\"https:\/\/e-opex.pl\/en\/privacy-policy\/\",\"url\":\"https:\/\/e-opex.pl\/en\/privacy-policy\/\",\"name\":\"Privacy Policy - OpEx Group\",\"isPartOf\":{\"@id\":\"https:\/\/e-opex.pl\/#website\"},\"datePublished\":\"2024-04-12T07:13:09+00:00\",\"dateModified\":\"2025-08-19T10:25:23+00:00\",\"breadcrumb\":{\"@id\":\"https:\/\/e-opex.pl\/en\/privacy-policy\/#breadcrumb\"},\"inLanguage\":\"en-US\",\"potentialAction\":[{\"@type\":\"ReadAction\",\"target\":[\"https:\/\/e-opex.pl\/en\/privacy-policy\/\"]}]},{\"@type\":\"BreadcrumbList\",\"@id\":\"https:\/\/e-opex.pl\/en\/privacy-policy\/#breadcrumb\",\"itemListElement\":[{\"@type\":\"ListItem\",\"position\":1,\"name\":\"Strona g\u0142\u00f3wna\",\"item\":\"https:\/\/e-opex.pl\/en\/\"},{\"@type\":\"ListItem\",\"position\":2,\"name\":\"Privacy Policy\"}]},{\"@type\":\"WebSite\",\"@id\":\"https:\/\/e-opex.pl\/#website\",\"url\":\"https:\/\/e-opex.pl\/\",\"name\":\"OpEx Group\",\"description\":\"OpEx Group - szkolenia Six Sigma, doradztwo w zakresie ci\u0105g\u0142ego doskonalenia\",\"publisher\":{\"@id\":\"https:\/\/e-opex.pl\/#organization\"},\"alternateName\":\"OpEx Group\",\"potentialAction\":[{\"@type\":\"SearchAction\",\"target\":{\"@type\":\"EntryPoint\",\"urlTemplate\":\"https:\/\/e-opex.pl\/?s={search_term_string}\"},\"query-input\":{\"@type\":\"PropertyValueSpecification\",\"valueRequired\":true,\"valueName\":\"search_term_string\"}}],\"inLanguage\":\"en-US\"},{\"@type\":\"Organization\",\"@id\":\"https:\/\/e-opex.pl\/#organization\",\"name\":\"OpEx Group\",\"url\":\"https:\/\/e-opex.pl\/\",\"logo\":{\"@type\":\"ImageObject\",\"inLanguage\":\"en-US\",\"@id\":\"https:\/\/e-opex.pl\/#\/schema\/logo\/image\/\",\"url\":\"https:\/\/e-opex.pl\/wp-content\/uploads\/2025\/06\/opex-group.svg\",\"contentUrl\":\"https:\/\/e-opex.pl\/wp-content\/uploads\/2025\/06\/opex-group.svg\",\"width\":288,\"height\":105,\"caption\":\"OpEx Group\"},\"image\":{\"@id\":\"https:\/\/e-opex.pl\/#\/schema\/logo\/image\/\"}}]}<\/script>\n<!-- \/ Yoast SEO plugin. -->","yoast_head_json":{"title":"Privacy Policy - OpEx Group","robots":{"index":"index","follow":"follow","max-snippet":"max-snippet:-1","max-image-preview":"max-image-preview:large","max-video-preview":"max-video-preview:-1"},"canonical":"https:\/\/e-opex.pl\/en\/privacy-policy\/","og_locale":"en_US","og_type":"article","og_title":"Privacy Policy - OpEx Group","og_description":"Privacy Policy OpEx Group to firma, kt\u00f3ra od 2010 roku zajmuje si\u0119 dostarczaniem wiedzy i rozwi\u0105za\u0144 z zakresu ci\u0105g\u0142ego doskonalenia.\u00a0 Home 1. General InformationThis Privacy Policy describes the principles of processing and protecting the personal data of users of the website operated by: OpEx Group Katarzyna Kornickaul. Sycowska 44, 51-319 Wroc\u0142awNIP: 792-179-09-40, REGON: 021288482tel.: +48 [&hellip;]","og_url":"https:\/\/e-opex.pl\/en\/privacy-policy\/","og_site_name":"OpEx Group","article_modified_time":"2025-08-19T10:25:23+00:00","twitter_card":"summary_large_image","twitter_misc":{"Est. reading time":"3 minutes"},"schema":{"@context":"https:\/\/schema.org","@graph":[{"@type":"WebPage","@id":"https:\/\/e-opex.pl\/en\/privacy-policy\/","url":"https:\/\/e-opex.pl\/en\/privacy-policy\/","name":"Privacy Policy - OpEx Group","isPartOf":{"@id":"https:\/\/e-opex.pl\/#website"},"datePublished":"2024-04-12T07:13:09+00:00","dateModified":"2025-08-19T10:25:23+00:00","breadcrumb":{"@id":"https:\/\/e-opex.pl\/en\/privacy-policy\/#breadcrumb"},"inLanguage":"en-US","potentialAction":[{"@type":"ReadAction","target":["https:\/\/e-opex.pl\/en\/privacy-policy\/"]}]},{"@type":"BreadcrumbList","@id":"https:\/\/e-opex.pl\/en\/privacy-policy\/#breadcrumb","itemListElement":[{"@type":"ListItem","position":1,"name":"Strona g\u0142\u00f3wna","item":"https:\/\/e-opex.pl\/en\/"},{"@type":"ListItem","position":2,"name":"Privacy Policy"}]},{"@type":"WebSite","@id":"https:\/\/e-opex.pl\/#website","url":"https:\/\/e-opex.pl\/","name":"OpEx Group","description":"OpEx Group - szkolenia Six Sigma, doradztwo w zakresie ci\u0105g\u0142ego doskonalenia","publisher":{"@id":"https:\/\/e-opex.pl\/#organization"},"alternateName":"OpEx Group","potentialAction":[{"@type":"SearchAction","target":{"@type":"EntryPoint","urlTemplate":"https:\/\/e-opex.pl\/?s={search_term_string}"},"query-input":{"@type":"PropertyValueSpecification","valueRequired":true,"valueName":"search_term_string"}}],"inLanguage":"en-US"},{"@type":"Organization","@id":"https:\/\/e-opex.pl\/#organization","name":"OpEx Group","url":"https:\/\/e-opex.pl\/","logo":{"@type":"ImageObject","inLanguage":"en-US","@id":"https:\/\/e-opex.pl\/#\/schema\/logo\/image\/","url":"https:\/\/e-opex.pl\/wp-content\/uploads\/2025\/06\/opex-group.svg","contentUrl":"https:\/\/e-opex.pl\/wp-content\/uploads\/2025\/06\/opex-group.svg","width":288,"height":105,"caption":"OpEx Group"},"image":{"@id":"https:\/\/e-opex.pl\/#\/schema\/logo\/image\/"}}]}},"_links":{"self":[{"href":"https:\/\/e-opex.pl\/en\/wp-json\/wp\/v2\/pages\/19585","targetHints":{"allow":["GET"]}}],"collection":[{"href":"https:\/\/e-opex.pl\/en\/wp-json\/wp\/v2\/pages"}],"about":[{"href":"https:\/\/e-opex.pl\/en\/wp-json\/wp\/v2\/types\/page"}],"author":[{"embeddable":true,"href":"https:\/\/e-opex.pl\/en\/wp-json\/wp\/v2\/users\/1"}],"replies":[{"embeddable":true,"href":"https:\/\/e-opex.pl\/en\/wp-json\/wp\/v2\/comments?post=19585"}],"version-history":[{"count":7,"href":"https:\/\/e-opex.pl\/en\/wp-json\/wp\/v2\/pages\/19585\/revisions"}],"predecessor-version":[{"id":19594,"href":"https:\/\/e-opex.pl\/en\/wp-json\/wp\/v2\/pages\/19585\/revisions\/19594"}],"wp:attachment":[{"href":"https:\/\/e-opex.pl\/en\/wp-json\/wp\/v2\/media?parent=19585"}],"curies":[{"name":"wp","href":"https:\/\/api.w.org\/{rel}","templated":true}]}}